{"id":9053,"date":"2024-11-22T12:52:33","date_gmt":"2024-11-22T15:52:33","guid":{"rendered":"https:\/\/addp.com.br\/addp\/?page_id=9053"},"modified":"2024-11-22T16:41:37","modified_gmt":"2024-11-22T19:41:37","slug":"politica-de-privacidade","status":"publish","type":"page","link":"https:\/\/addp.com.br\/addp\/politica-de-privacidade\/","title":{"rendered":"Pol\u00edtica de Privacidade"},"content":{"rendered":"\t\t<div data-elementor-type=\"wp-page\" data-elementor-id=\"9053\" class=\"elementor elementor-9053\" data-elementor-post-type=\"page\">\n\t\t\t\t\t\t<section class=\"elementor-section elementor-top-section elementor-element elementor-element-f591f51 elementor-section-boxed elementor-section-height-default elementor-section-height-default\" data-id=\"f591f51\" data-element_type=\"section\" data-e-type=\"section\">\n\t\t\t\t\t\t<div class=\"elementor-container elementor-column-gap-default\">\n\t\t\t\t\t<div class=\"elementor-column elementor-col-100 elementor-top-column elementor-element elementor-element-a486a2b\" data-id=\"a486a2b\" data-element_type=\"column\" data-e-type=\"column\">\n\t\t\t<div class=\"elementor-widget-wrap elementor-element-populated\">\n\t\t\t\t\t\t<section class=\"elementor-section elementor-inner-section elementor-element elementor-element-2437d11 elementor-section-boxed elementor-section-height-default elementor-section-height-default\" data-id=\"2437d11\" data-element_type=\"section\" data-e-type=\"section\">\n\t\t\t\t\t\t<div class=\"elementor-container elementor-column-gap-default\">\n\t\t\t\t\t<div class=\"elementor-column elementor-col-100 elementor-inner-column elementor-element elementor-element-d4d9ed5\" data-id=\"d4d9ed5\" data-element_type=\"column\" data-e-type=\"column\">\n\t\t\t<div class=\"elementor-widget-wrap elementor-element-populated\">\n\t\t\t\t\t\t<div class=\"elementor-element elementor-element-bd8aa8f elementor-widget elementor-widget-text-editor\" data-id=\"bd8aa8f\" data-element_type=\"widget\" data-e-type=\"widget\" data-widget_type=\"text-editor.default\">\n\t\t\t\t<div class=\"elementor-widget-container\">\n\t\t\t\t\t\t\t\t\t<h1 style= color:#829cc3>Pol\u00edtica de Privacidade<\/h1>\n<p class=\"MsoNormal\"><span lang=\"EN-US\">Este documento apresenta a Pol\u00edtica de Privacidade da Associa\u00e7\u00e3o de Defesa de Dados Pessoais e Consumidor (\u201cADDP\u201d). A finalidade \u00e9 estabelecer, de forma clara e acess\u00edvel, as diretrizes sobre a coleta, armazenamento, uso, compartilhamento e exclus\u00e3o de dados e informa\u00e7\u00f5es obtidos pela ADDP por meio de suas plataformas digitais, eventos, e intera\u00e7\u00f5es com associados.<\/span><\/p>\n<p class=\"MsoNormal\"><span lang=\"EN-US\">A ADDP \u00e9 uma associa\u00e7\u00e3o civil sem fins lucrativos, legalmente constitu\u00edda, com foco na prote\u00e7\u00e3o de dados pessoais e direitos do consumidor. Comprometemo-nos a seguir as disposi\u00e7\u00f5es da Lei Geral de Prote\u00e7\u00e3o de Dados (LGPD), respeitando a privacidade, liberdade e autodetermina\u00e7\u00e3o dos titulares de dados.<\/span><\/p>\n<br>\n<h2><span lang=\"EN-US\">Para facilitar a leitura, esta Pol\u00edtica de Privacidade est\u00e1 organizada em se\u00e7\u00f5es:<\/span><\/h2>\n<p class=\"MsoNormal\" >1. Defini\u00e7\u00f5es importantes<\/span><\/p>\n<p class=\"MsoNormal\"><span lang=\"EN-US\">2. Dados que coletamos e finalidades<\/span><\/p>\n<p class=\"MsoNormal\"><span lang=\"EN-US\">3. M\u00e9todos de coleta<\/span><\/p>\n<p class=\"MsoNormal\"><span lang=\"EN-US\">4. Dados de menores de idade<\/span><\/p>\n<p class=\"MsoNormal\"><span lang=\"EN-US\">5. Prote\u00e7\u00e3o de dados sens\u00edveis<\/span><\/p>\n<p class=\"MsoNormal\"><span lang=\"EN-US\">6. Medidas de seguran\u00e7a<\/span><\/p>\n<p class=\"MsoNormal\"><span lang=\"EN-US\">7. Compartilhamento de dados<\/span><\/p>\n<p class=\"MsoNormal\"><span lang=\"EN-US\">8. Per\u00edodo de reten\u00e7\u00e3o de dados<\/span><\/p>\n<p class=\"MsoNormal\"><span lang=\"EN-US\">9. Direitos dos titulares de dados<\/span><\/p>\n<p class=\"MsoNormal\"><span lang=\"EN-US\">10. Altera\u00e7\u00f5es nesta pol\u00edtica<\/span><\/p>\n\n<p class=\"MsoNormal\"><span lang=\"EN-US\">11. Contato para d\u00favidas ou solicita\u00e7\u00f5es<\/span><\/p>\n<br>\n<h2><span lang=\"EN-US\">1. Defini\u00e7\u00f5es importantes<\/span><\/h2>\n<p class=\"MsoNormal\"><span lang=\"EN-US\">Explicamos os termos t\u00e9cnicos relacionados ao tratamento de dados para garantir clareza sobre os direitos e obriga\u00e7\u00f5es envolvidos.<\/span><\/p>\n<br>\n<h2><span lang=\"EN-US\">2. Dados que coletamos e finalidades<\/span><\/h2>\n<p class=\"MsoNormal\"><span lang=\"EN-US\">Coletamos informa\u00e7\u00f5es como nome, e-mail, telefone e dados adicionais necess\u00e1rios para nossas atividades. As finalidades incluem comunica\u00e7\u00e3o, organiza\u00e7\u00e3o de eventos e a\u00e7\u00f5es judiciais, quando aplic\u00e1vel.<\/span><\/p>\n<br>\n<h2><span lang=\"EN-US\">3. M\u00e9todos de coleta<\/span><\/h2>\n<p class=\"MsoNormal\"><span lang=\"EN-US\">Os dados podem ser coletados por meio de formul\u00e1rios, plataformas digitais, e-mail ou intera\u00e7\u00f5es presenciais, sempre respeitando o consentimento do titular.<\/span><\/p>\n<br>\n<h2><span lang=\"EN-US\">4. Dados de menores de idade<\/span><\/h2>\n<p class=\"MsoNormal\"><span lang=\"EN-US\">O tratamento de dados de crian\u00e7as e adolescentes ocorre somente com o consentimento dos respons\u00e1veis legais, em conformidade com o interesse da crian\u00e7a.<\/span><\/p>\n<br>\n<h2><span lang=\"EN-US\">5. Prote\u00e7\u00e3o de dados sens\u00edveis<\/span><\/h2>\n<p class=\"MsoNormal\"><span lang=\"EN-US\">Dados sens\u00edveis, como aqueles relacionados \u00e0 sa\u00fade ou origem \u00e9tnica, ser\u00e3o tratados apenas quando estritamente necess\u00e1rio e conforme a LGPD.<\/span><\/p>\n<br>\n<h2><span lang=\"EN-US\">6. Medidas de seguran\u00e7a<\/span><\/h2>\n<p class=\"MsoNormal\"><span lang=\"EN-US\">Adotamos sistemas de criptografia e pr\u00e1ticas seguras para proteger os dados pessoais contra acessos n\u00e3o autorizados.<\/span><\/p>\n<br>\n<h2><span lang=\"EN-US\">7. Compartilhamento de dados<\/span><\/h2>\n<p class=\"MsoNormal\"><span lang=\"EN-US\">Os dados s\u00f3 ser\u00e3o compartilhados com terceiros em casos previstos na legisla\u00e7\u00e3o ou mediante consentimento expresso.<\/span><\/p>\n<br>\n<h2><span lang=\"EN-US\">8. Per\u00edodo de reten\u00e7\u00e3o de dados<\/span><\/h2>\n<p class=\"MsoNormal\"><span lang=\"EN-US\">Os dados s\u00e3o mantidos pelo tempo necess\u00e1rio \u00e0s finalidades descritas ou conforme exigido por lei.<\/span><\/p>\n<br>\n<h2><span lang=\"EN-US\">9. Direitos dos titulares de dados<\/span><\/h2>\n<p class=\"MsoNormal\"><span lang=\"EN-US\">Os titulares t\u00eam direito a acessar, corrigir, excluir, portar seus dados, entre outros previstos na LGPD.<\/span><\/p>\n<br>\n<h2><span lang=\"EN-US\">10. Altera\u00e7\u00f5es nesta pol\u00edtica<\/span><\/h2>\n<p class=\"MsoNormal\"><span lang=\"EN-US\">Esta pol\u00edtica pode ser atualizada periodicamente. Mudan\u00e7as significativas ser\u00e3o notificadas aos titulares.<\/span><\/p>\n<br>\n<h2><span lang=\"EN-US\">11. Contato para d\u00favidas ou solicita\u00e7\u00f5es<\/span><\/h2>\n<p class=\"MsoNormal\"><span lang=\"EN-US\">Entre em contato conosco pelo e-mail <a href=\"mailto:privacidade@addp.com.br\">privacidade@addp.com.br<\/a> ou telefone (11) 91506-9453 para quaisquer quest\u00f5es relacionadas \u00e0 prote\u00e7\u00e3o de dados.<\/span><\/p>\t\t\t\t\t\t\t\t<\/div>\n\t\t\t\t<\/div>\n\t\t\t\t\t<\/div>\n\t\t<\/div>\n\t\t\t\t\t<\/div>\n\t\t<\/section>\n\t\t\t\t\t<\/div>\n\t\t<\/div>\n\t\t\t\t\t<\/div>\n\t\t<\/section>\n\t\t\t\t<\/div>\n\t\t","protected":false},"excerpt":{"rendered":"<p>Pol\u00edtica de Privacidade Este documento apresenta a Pol\u00edtica de Privacidade da Associa\u00e7\u00e3o de Defesa de Dados Pessoais e Consumidor (\u201cADDP\u201d). A finalidade \u00e9 estabelecer, de forma clara e acess\u00edvel, as diretrizes sobre a coleta, armazenamento, uso, compartilhamento e exclus\u00e3o de dados e informa\u00e7\u00f5es obtidos pela ADDP por meio de suas plataformas digitais, eventos, e intera\u00e7\u00f5es [&hellip;]<\/p>\n","protected":false},"author":2,"featured_media":0,"parent":0,"menu_order":0,"comment_status":"closed","ping_status":"closed","template":"","meta":{"nf_dc_page":"","inline_featured_image":false,"_joinchat":[],"footnotes":""},"class_list":["post-9053","page","type-page","status-publish","hentry"],"_links":{"self":[{"href":"https:\/\/addp.com.br\/addp\/wp-json\/wp\/v2\/pages\/9053","targetHints":{"allow":["GET"]}}],"collection":[{"href":"https:\/\/addp.com.br\/addp\/wp-json\/wp\/v2\/pages"}],"about":[{"href":"https:\/\/addp.com.br\/addp\/wp-json\/wp\/v2\/types\/page"}],"author":[{"embeddable":true,"href":"https:\/\/addp.com.br\/addp\/wp-json\/wp\/v2\/users\/2"}],"replies":[{"embeddable":true,"href":"https:\/\/addp.com.br\/addp\/wp-json\/wp\/v2\/comments?post=9053"}],"version-history":[{"count":5,"href":"https:\/\/addp.com.br\/addp\/wp-json\/wp\/v2\/pages\/9053\/revisions"}],"predecessor-version":[{"id":9141,"href":"https:\/\/addp.com.br\/addp\/wp-json\/wp\/v2\/pages\/9053\/revisions\/9141"}],"wp:attachment":[{"href":"https:\/\/addp.com.br\/addp\/wp-json\/wp\/v2\/media?parent=9053"}],"curies":[{"name":"wp","href":"https:\/\/api.w.org\/{rel}","templated":true}]}}