{"id":8695,"date":"2024-11-12T12:08:37","date_gmt":"2024-11-12T15:08:37","guid":{"rendered":"https:\/\/addp.com.br\/addp\/?page_id=8695"},"modified":"2025-01-02T09:23:27","modified_gmt":"2025-01-02T12:23:27","slug":"juliana-arcanjo-dos-santos","status":"publish","type":"page","link":"https:\/\/addp.com.br\/addp\/team\/juliana-arcanjo-dos-santos\/","title":{"rendered":"Juliana Arcanjo dos Santos"},"content":{"rendered":"\t\t<div data-elementor-type=\"wp-page\" data-elementor-id=\"8695\" class=\"elementor elementor-8695\" data-elementor-post-type=\"page\">\n\t\t\t\t\t\t<section class=\"elementor-section elementor-top-section elementor-element elementor-element-25494db elementor-section-boxed elementor-section-height-default elementor-section-height-default\" data-id=\"25494db\" data-element_type=\"section\" data-e-type=\"section\">\n\t\t\t\t\t\t<div class=\"elementor-container elementor-column-gap-default\">\n\t\t\t\t\t<div class=\"elementor-column elementor-col-100 elementor-top-column elementor-element elementor-element-8afc7b1\" data-id=\"8afc7b1\" data-element_type=\"column\" data-e-type=\"column\">\n\t\t\t<div class=\"elementor-widget-wrap elementor-element-populated\">\n\t\t\t\t\t\t<div class=\"elementor-element elementor-element-5d01192 elementor-widget elementor-widget-spacer\" data-id=\"5d01192\" data-element_type=\"widget\" data-e-type=\"widget\" data-widget_type=\"spacer.default\">\n\t\t\t\t<div class=\"elementor-widget-container\">\n\t\t\t\t\t\t\t<div class=\"elementor-spacer\">\n\t\t\t<div class=\"elementor-spacer-inner\"><\/div>\n\t\t<\/div>\n\t\t\t\t\t\t<\/div>\n\t\t\t\t<\/div>\n\t\t\t\t\t<\/div>\n\t\t<\/div>\n\t\t\t\t\t<\/div>\n\t\t<\/section>\n\t\t\t\t<section class=\"elementor-section elementor-top-section elementor-element elementor-element-8d35518 elementor-section-content-middle elementor-section-boxed elementor-section-height-default elementor-section-height-default\" data-id=\"8d35518\" data-element_type=\"section\" data-e-type=\"section\">\n\t\t\t\t\t\t<div class=\"elementor-container elementor-column-gap-default\">\n\t\t\t\t\t<div class=\"elementor-column elementor-col-50 elementor-top-column elementor-element elementor-element-aeb9ab3\" data-id=\"aeb9ab3\" data-element_type=\"column\" data-e-type=\"column\">\n\t\t\t<div class=\"elementor-widget-wrap elementor-element-populated\">\n\t\t\t\t\t\t<div class=\"elementor-element elementor-element-5a2f28f elementor-widget elementor-widget-image\" data-id=\"5a2f28f\" data-element_type=\"widget\" data-e-type=\"widget\" data-widget_type=\"image.default\">\n\t\t\t\t<div class=\"elementor-widget-container\">\n\t\t\t\t\t\t\t\t\t\t\t\t\t\t\t<img fetchpriority=\"high\" decoding=\"async\" width=\"640\" height=\"610\" src=\"https:\/\/addp.com.br\/addp\/wp-content\/uploads\/2024\/11\/juliana-pg-768x732.png\" class=\"attachment-medium_large size-medium_large wp-image-8697\" alt=\"\" srcset=\"https:\/\/addp.com.br\/addp\/wp-content\/uploads\/2024\/11\/juliana-pg-768x732.png 768w, https:\/\/addp.com.br\/addp\/wp-content\/uploads\/2024\/11\/juliana-pg-300x286.png 300w, https:\/\/addp.com.br\/addp\/wp-content\/uploads\/2024\/11\/juliana-pg-1024x977.png 1024w, https:\/\/addp.com.br\/addp\/wp-content\/uploads\/2024\/11\/juliana-pg-600x572.png 600w, https:\/\/addp.com.br\/addp\/wp-content\/uploads\/2024\/11\/juliana-pg.png 1080w\" sizes=\"(max-width: 640px) 100vw, 640px\" \/>\t\t\t\t\t\t\t\t\t\t\t\t\t\t\t<\/div>\n\t\t\t\t<\/div>\n\t\t\t\t\t<\/div>\n\t\t<\/div>\n\t\t\t\t<div class=\"elementor-column elementor-col-50 elementor-top-column elementor-element elementor-element-96dd847\" data-id=\"96dd847\" data-element_type=\"column\" data-e-type=\"column\">\n\t\t\t<div class=\"elementor-widget-wrap elementor-element-populated\">\n\t\t\t\t\t\t<div class=\"elementor-element elementor-element-0783a2f elementor-widget elementor-widget-heading\" data-id=\"0783a2f\" data-element_type=\"widget\" data-e-type=\"widget\" data-widget_type=\"heading.default\">\n\t\t\t\t<div class=\"elementor-widget-container\">\n\t\t\t\t\t<h2 class=\"elementor-heading-title elementor-size-default\">Juliana Arcanjo dos Santos<\/h2>\t\t\t\t<\/div>\n\t\t\t\t<\/div>\n\t\t\t\t<div class=\"elementor-element elementor-element-343b1e6 elementor-widget elementor-widget-heading\" data-id=\"343b1e6\" data-element_type=\"widget\" data-e-type=\"widget\" data-widget_type=\"heading.default\">\n\t\t\t\t<div class=\"elementor-widget-container\">\n\t\t\t\t\t<h2 class=\"elementor-heading-title elementor-size-default\">Conselho Fiscal<\/h2>\t\t\t\t<\/div>\n\t\t\t\t<\/div>\n\t\t\t\t<div class=\"elementor-element elementor-element-457a688 elementor-align-start elementor-icon-list--layout-traditional elementor-list-item-link-full_width elementor-widget elementor-widget-icon-list\" data-id=\"457a688\" data-element_type=\"widget\" data-e-type=\"widget\" data-widget_type=\"icon-list.default\">\n\t\t\t\t<div class=\"elementor-widget-container\">\n\t\t\t\t\t\t\t<ul class=\"elementor-icon-list-items\">\n\t\t\t\t\t\t\t<li class=\"elementor-icon-list-item\">\n\t\t\t\t\t\t\t\t\t\t\t<span class=\"elementor-icon-list-icon\">\n\t\t\t\t\t\t\t<svg aria-hidden=\"true\" class=\"e-font-icon-svg e-fas-dot-circle\" viewBox=\"0 0 512 512\" xmlns=\"http:\/\/www.w3.org\/2000\/svg\"><path d=\"M256 8C119.033 8 8 119.033 8 256s111.033 248 248 248 248-111.033 248-248S392.967 8 256 8zm80 248c0 44.112-35.888 80-80 80s-80-35.888-80-80 35.888-80 80-80 80 35.888 80 80z\"><\/path><\/svg>\t\t\t\t\t\t<\/span>\n\t\t\t\t\t\t\t\t\t\t<span class=\"elementor-icon-list-text\">Bacharel em direito pela Faculdade S\u00e3o Judas Tadeu;<\/span>\n\t\t\t\t\t\t\t\t\t<\/li>\n\t\t\t\t\t\t\t\t<li class=\"elementor-icon-list-item\">\n\t\t\t\t\t\t\t\t\t\t\t<span class=\"elementor-icon-list-icon\">\n\t\t\t\t\t\t\t<svg aria-hidden=\"true\" class=\"e-font-icon-svg e-fas-dot-circle\" viewBox=\"0 0 512 512\" xmlns=\"http:\/\/www.w3.org\/2000\/svg\"><path d=\"M256 8C119.033 8 8 119.033 8 256s111.033 248 248 248 248-111.033 248-248S392.967 8 256 8zm80 248c0 44.112-35.888 80-80 80s-80-35.888-80-80 35.888-80 80-80 80 35.888 80 80z\"><\/path><\/svg>\t\t\t\t\t\t<\/span>\n\t\t\t\t\t\t\t\t\t\t<span class=\"elementor-icon-list-text\">Advogada inscrita na Ordem dos Advogados do Brasil \u2013 Se\u00e7\u00e3o S\u00e3o Paulo;<\/span>\n\t\t\t\t\t\t\t\t\t<\/li>\n\t\t\t\t\t\t\t\t<li class=\"elementor-icon-list-item\">\n\t\t\t\t\t\t\t\t\t\t\t<span class=\"elementor-icon-list-icon\">\n\t\t\t\t\t\t\t<svg aria-hidden=\"true\" class=\"e-font-icon-svg e-fas-dot-circle\" viewBox=\"0 0 512 512\" xmlns=\"http:\/\/www.w3.org\/2000\/svg\"><path d=\"M256 8C119.033 8 8 119.033 8 256s111.033 248 248 248 248-111.033 248-248S392.967 8 256 8zm80 248c0 44.112-35.888 80-80 80s-80-35.888-80-80 35.888-80 80-80 80 35.888 80 80z\"><\/path><\/svg>\t\t\t\t\t\t<\/span>\n\t\t\t\t\t\t\t\t\t\t<span class=\"elementor-icon-list-text\">P\u00f3s-graduada em Direito Processual Civil (Universidade Presbiteriana Mackenzie);<\/span>\n\t\t\t\t\t\t\t\t\t<\/li>\n\t\t\t\t\t\t\t\t<li class=\"elementor-icon-list-item\">\n\t\t\t\t\t\t\t\t\t\t\t<span class=\"elementor-icon-list-icon\">\n\t\t\t\t\t\t\t<svg aria-hidden=\"true\" class=\"e-font-icon-svg e-fas-dot-circle\" viewBox=\"0 0 512 512\" xmlns=\"http:\/\/www.w3.org\/2000\/svg\"><path d=\"M256 8C119.033 8 8 119.033 8 256s111.033 248 248 248 248-111.033 248-248S392.967 8 256 8zm80 248c0 44.112-35.888 80-80 80s-80-35.888-80-80 35.888-80 80-80 80 35.888 80 80z\"><\/path><\/svg>\t\t\t\t\t\t<\/span>\n\t\t\t\t\t\t\t\t\t\t<span class=\"elementor-icon-list-text\">P\u00f3s-graduada em Direito Empresarial (Funda\u00e7\u00e3o Get\u00falio Vargas)<\/span>\n\t\t\t\t\t\t\t\t\t<\/li>\n\t\t\t\t\t\t<\/ul>\n\t\t\t\t\t\t<\/div>\n\t\t\t\t<\/div>\n\t\t\t\t\t<\/div>\n\t\t<\/div>\n\t\t\t\t\t<\/div>\n\t\t<\/section>\n\t\t\t\t<\/div>\n\t\t","protected":false},"excerpt":{"rendered":"<p>Juliana Arcanjo dos Santos Conselho Fiscal Bacharel em direito pela Faculdade S\u00e3o Judas Tadeu; Advogada inscrita na Ordem dos Advogados do Brasil \u2013 Se\u00e7\u00e3o S\u00e3o Paulo; P\u00f3s-graduada em Direito Processual Civil (Universidade Presbiteriana Mackenzie); P\u00f3s-graduada em Direito Empresarial (Funda\u00e7\u00e3o Get\u00falio Vargas)<\/p>\n","protected":false},"author":2,"featured_media":0,"parent":3393,"menu_order":0,"comment_status":"closed","ping_status":"closed","template":"elementor_header_footer","meta":{"nf_dc_page":"","inline_featured_image":false,"_joinchat":[],"footnotes":""},"class_list":["post-8695","page","type-page","status-publish","hentry"],"_links":{"self":[{"href":"https:\/\/addp.com.br\/addp\/wp-json\/wp\/v2\/pages\/8695","targetHints":{"allow":["GET"]}}],"collection":[{"href":"https:\/\/addp.com.br\/addp\/wp-json\/wp\/v2\/pages"}],"about":[{"href":"https:\/\/addp.com.br\/addp\/wp-json\/wp\/v2\/types\/page"}],"author":[{"embeddable":true,"href":"https:\/\/addp.com.br\/addp\/wp-json\/wp\/v2\/users\/2"}],"replies":[{"embeddable":true,"href":"https:\/\/addp.com.br\/addp\/wp-json\/wp\/v2\/comments?post=8695"}],"version-history":[{"count":5,"href":"https:\/\/addp.com.br\/addp\/wp-json\/wp\/v2\/pages\/8695\/revisions"}],"predecessor-version":[{"id":9258,"href":"https:\/\/addp.com.br\/addp\/wp-json\/wp\/v2\/pages\/8695\/revisions\/9258"}],"up":[{"embeddable":true,"href":"https:\/\/addp.com.br\/addp\/wp-json\/wp\/v2\/pages\/3393"}],"wp:attachment":[{"href":"https:\/\/addp.com.br\/addp\/wp-json\/wp\/v2\/media?parent=8695"}],"curies":[{"name":"wp","href":"https:\/\/api.w.org\/{rel}","templated":true}]}}